{"id":1252,"date":"2026-03-20T19:51:20","date_gmt":"2026-03-20T19:51:20","guid":{"rendered":"https:\/\/mittimaglehem.frikommunikation.se\/?page_id=1252"},"modified":"2026-03-23T09:03:41","modified_gmt":"2026-03-23T09:03:41","slug":"tudan","status":"publish","type":"page","link":"https:\/\/mittimaglehem.frikommunikation.se\/en\/tudan\/","title":{"rendered":"Tudan"},"content":{"rendered":"<div data-elementor-type=\"wp-page\" data-elementor-id=\"1252\" class=\"elementor elementor-1252\" data-elementor-post-type=\"page\">\n\t\t\t\t<div class=\"elementor-element elementor-element-501287c e-flex e-con-boxed e-con e-parent\" data-id=\"501287c\" data-element_type=\"container\" data-e-type=\"container\">\n\t\t\t\t\t<div class=\"e-con-inner\">\n\t\t<div class=\"elementor-element elementor-element-4b04a60 e-con-full e-flex e-con e-child\" data-id=\"4b04a60\" data-element_type=\"container\" data-e-type=\"container\">\n\t\t\t\t<div class=\"elementor-element elementor-element-fad0044 elementor-widget elementor-widget-heading\" data-id=\"fad0044\" data-element_type=\"widget\" data-e-type=\"widget\" data-widget_type=\"heading.default\">\n\t\t\t\t<div class=\"elementor-widget-container\">\n\t\t\t\t\t<h4 class=\"elementor-heading-title elementor-size-default\">MITTIMAGLEHEM - \nA place for art, encounters and reflection<\/h4>\t\t\t\t<\/div>\n\t\t\t\t<\/div>\n\t\t\t\t<div class=\"elementor-element elementor-element-b6c477c elementor-widget elementor-widget-text-editor\" data-id=\"b6c477c\" data-element_type=\"widget\" data-e-type=\"widget\" data-widget_type=\"text-editor.default\">\n\t\t\t\t<div class=\"elementor-widget-container\">\n\t\t\t\t\t\t\t\t\t<p>In the very heart of Maglehem, nestled in the landscape of Han\u00f6 Bay, - a place that has drawn artists for generations, you will find MITTIMAGLEHEM. Here, nature, history and the present moment meet in a space created to bring people together through art, entertainment and meaningful conversations.<\/p><p>MITTIMAGLEHEM is a foundation with a clear intention: to raise awareness through shared experiences. Through artistic expression, storytelling and dialogue, space is created for reflection, new perspectives and a deeper engagement with life and the world around us.<\/p>\t\t\t\t\t\t\t\t<\/div>\n\t\t\t\t<\/div>\n\t\t\t\t<\/div>\n\t\t\t\t\t<\/div>\n\t\t\t\t<\/div>\n\t\t<div class=\"elementor-element elementor-element-09c3472 e-flex e-con-boxed e-con e-parent\" data-id=\"09c3472\" data-element_type=\"container\" data-e-type=\"container\">\n\t\t\t\t\t<div class=\"e-con-inner\">\n\t\t<div class=\"elementor-element elementor-element-513d2b0 e-con-full e-flex e-con e-child\" data-id=\"513d2b0\" data-element_type=\"container\" data-e-type=\"container\">\n\t\t<div class=\"elementor-element elementor-element-0282819 e-con-full e-flex e-con e-child\" data-id=\"0282819\" data-element_type=\"container\" data-e-type=\"container\" data-settings=\"{&quot;background_background&quot;:&quot;classic&quot;}\">\n\t\t\t\t<\/div>\n\t\t\t\t<\/div>\n\t\t<div class=\"elementor-element elementor-element-5089542 e-con-full e-flex e-con e-child\" data-id=\"5089542\" data-element_type=\"container\" data-e-type=\"container\">\n\t\t\t\t<div class=\"elementor-element elementor-element-a4a4357 elementor-widget elementor-widget-text-editor\" data-id=\"a4a4357\" data-element_type=\"widget\" data-e-type=\"widget\" data-widget_type=\"text-editor.default\">\n\t\t\t\t<div class=\"elementor-widget-container\">\n\t\t\t\t\t\t\t\t\t<h5>Tudarebacken, - a place that always gather people<\/h5><p>The ArtSpace stands on historic ground. As early as the medieval ages, a small hill was located here, - known as Tudarebacken, \u201cthe bugler\u2019s hill.\u201d At that time, Maglehem was a so-called \u201cwheel village,\u201d where farms were arranged in a circle around this very point.<\/p><p>Tudarebacken served as the village center. It was here people gathered when something important needed to be communicated: warnings of danger such as fire or approaching threats, but also when decisions affecting the community had to be made. Together with the church bells, this was one of the village\u2019s key points of connection and communication.<\/p><p>In the early 1960s, the hill disappeared under circumstances that are still not fully understood. Yet, the significance of the place remains.<\/p><h5>A contemporary space rooted in history<\/h5><p>Today, a new building stands here, \u2013 a 60-square-meter ArtSpace equipped with modern sound and lighting equipment. The house also includes accommodation for visiting artists, with bedrooms, kitchen and a terrace overlooking a Japanese-inspired garden.<\/p><p>MITTIMAGLEHEM is envisioned as a living meeting place where artists, musicians, thinkers and storytellers, - from Sweden and across the world, - can share their work and perspectives.<\/p><p>Grants will also be available for artists whose work aligns with the purpose of the ArtSpace.<\/p><h5>A space for what wants to be shared<\/h5><p>MITTIMAGLEHEM is open to all who are curious.<br \/>For those who want to listen, experience and perhaps see something from a new perspective.<\/p><p>Just like in the past, this is a place where people gather.<br \/>The difference is that today, the signal is carried through art, music and conversation.<\/p>\t\t\t\t\t\t\t\t<\/div>\n\t\t\t\t<\/div>\n\t\t\t\t<\/div>\n\t\t\t\t\t<\/div>\n\t\t\t\t<\/div>\n\t\t\t\t<\/div>","protected":false},"excerpt":{"rendered":"<p>MITTIMAGLEHEM &#8211; En plats f\u00f6r m\u00f6ten, konst och reflektion Mitt i Maglehem, i hj\u00e4rtat av Han\u00f6bukten och omgiven av ett landskap som i generationer lockat konstn\u00e4rer, ligger MITTIMAGLEHEM. H\u00e4r m\u00f6ts natur, historia och samtid p\u00e5 en plats skapad f\u00f6r att samla m\u00e4nniskor kring konst, underh\u00e5llning och samtal. MITTIMAGLEHEM \u00e4r ett projekt med en tydlig ambition [&hellip;]<\/p>\n","protected":false},"author":1,"featured_media":0,"parent":0,"menu_order":0,"comment_status":"closed","ping_status":"closed","template":"","meta":{"site-sidebar-layout":"no-sidebar","site-content-layout":"page-builder","ast-site-content-layout":"full-width-container","site-content-style":"default","site-sidebar-style":"default","ast-global-header-display":"","ast-banner-title-visibility":"","ast-main-header-display":"","ast-hfb-above-header-display":"","ast-hfb-below-header-display":"","ast-hfb-mobile-header-display":"","site-post-title":"","ast-breadcrumbs-content":"","ast-featured-img":"disabled","footer-sml-layout":"","ast-disable-related-posts":"","theme-transparent-header-meta":"","adv-header-id-meta":"","stick-header-meta":"","header-above-stick-meta":"","header-main-stick-meta":"","header-below-stick-meta":"","astra-migrate-meta-layouts":"set","ast-page-background-enabled":"default","ast-page-background-meta":{"desktop":{"background-color":"","background-image":"","background-repeat":"repeat","background-position":"center center","background-size":"auto","background-attachment":"scroll","background-type":"","background-media":"","overlay-type":"","overlay-color":"","overlay-opacity":"","overlay-gradient":""},"tablet":{"background-color":"","background-image":"","background-repeat":"repeat","background-position":"center center","background-size":"auto","background-attachment":"scroll","background-type":"","background-media":"","overlay-type":"","overlay-color":"","overlay-opacity":"","overlay-gradient":""},"mobile":{"background-color":"","background-image":"","background-repeat":"repeat","background-position":"center center","background-size":"auto","background-attachment":"scroll","background-type":"","background-media":"","overlay-type":"","overlay-color":"","overlay-opacity":"","overlay-gradient":""}},"ast-content-background-meta":{"desktop":{"background-color":"var(--ast-global-color-5)","background-image":"","background-repeat":"repeat","background-position":"center center","background-size":"auto","background-attachment":"scroll","background-type":"","background-media":"","overlay-type":"","overlay-color":"","overlay-opacity":"","overlay-gradient":""},"tablet":{"background-color":"var(--ast-global-color-5)","background-image":"","background-repeat":"repeat","background-position":"center center","background-size":"auto","background-attachment":"scroll","background-type":"","background-media":"","overlay-type":"","overlay-color":"","overlay-opacity":"","overlay-gradient":""},"mobile":{"background-color":"var(--ast-global-color-5)","background-image":"","background-repeat":"repeat","background-position":"center center","background-size":"auto","background-attachment":"scroll","background-type":"","background-media":"","overlay-type":"","overlay-color":"","overlay-opacity":"","overlay-gradient":""}},"footnotes":""},"class_list":["post-1252","page","type-page","status-publish","hentry"],"_links":{"self":[{"href":"https:\/\/mittimaglehem.frikommunikation.se\/en\/wp-json\/wp\/v2\/pages\/1252","targetHints":{"allow":["GET"]}}],"collection":[{"href":"https:\/\/mittimaglehem.frikommunikation.se\/en\/wp-json\/wp\/v2\/pages"}],"about":[{"href":"https:\/\/mittimaglehem.frikommunikation.se\/en\/wp-json\/wp\/v2\/types\/page"}],"author":[{"embeddable":true,"href":"https:\/\/mittimaglehem.frikommunikation.se\/en\/wp-json\/wp\/v2\/users\/1"}],"replies":[{"embeddable":true,"href":"https:\/\/mittimaglehem.frikommunikation.se\/en\/wp-json\/wp\/v2\/comments?post=1252"}],"version-history":[{"count":28,"href":"https:\/\/mittimaglehem.frikommunikation.se\/en\/wp-json\/wp\/v2\/pages\/1252\/revisions"}],"predecessor-version":[{"id":1288,"href":"https:\/\/mittimaglehem.frikommunikation.se\/en\/wp-json\/wp\/v2\/pages\/1252\/revisions\/1288"}],"wp:attachment":[{"href":"https:\/\/mittimaglehem.frikommunikation.se\/en\/wp-json\/wp\/v2\/media?parent=1252"}],"curies":[{"name":"wp","href":"https:\/\/api.w.org\/{rel}","templated":true}]}}